{"id":29,"date":"2026-02-22T14:44:41","date_gmt":"2026-02-22T14:44:41","guid":{"rendered":"https:\/\/bidunyahediye.shop\/?post_type=product&#038;p=29"},"modified":"2026-02-23T04:28:39","modified_gmt":"2026-02-23T04:28:39","slug":"arko-nem-soft-touch-krem-150ml","status":"publish","type":"product","link":"https:\/\/bidunyahediye.shop\/?product=arko-nem-soft-touch-krem-150ml","title":{"rendered":"Arko Nem Soft Touch Krem 150ML"},"content":{"rendered":"<p class=\"product-description-content\">Arko Nem Soft Touch Nemlendirici El Y\u00fcz Ve V\u00fccut Kremi 250 ml \u00dcR\u00dcN \u00d6ZELL\u0130KLER\u0130 : 10\/2027 Arko Nem Soft Touch Nemlendirici El Y\u00fcz Ve V\u00fccut Kremi d\u0131\u015f etkenlere kar\u015f\u0131 g\u00fc\u00e7l\u00fc bir bariyer gibi sizi korur<\/p>\n<p class=\"product-description-content\">Form\u00fcl\u00fcnde yar alan Sea Salt sayesinde kolay emilim sa\u011flar<\/p>\n<p class=\"product-description-content\">\u00d6zellikle dirsek, diz ve topuk gibi kurumaya yatk\u0131n b\u00f6lgelerinizde nemi geri kazand\u0131r\u0131r ve cildi yenilemye yard\u0131mc\u0131d\u0131r<\/p>\n<p class=\"product-description-content\">\u00dcretici: Evyap Sabun Ya\u011f, Gliserin Sanayi Ve Tic A.\u015e.<\/p>\n","protected":false},"excerpt":{"rendered":"<p>Arko Nem Soft Touch Nemlendirici El Y\u00fcz Ve V\u00fccut Kremi 250 ml \u00dcR\u00dcN \u00d6ZELL\u0130KLER\u0130 : 10\/2027 Arko Nem Soft Touch Nemlendirici El Y\u00fcz Ve V\u00fccut Kremi d\u0131\u015f etkenlere kar\u015f\u0131 g\u00fc\u00e7l\u00fc bir bariyer gibi sizi korur<\/p>\n","protected":false},"featured_media":30,"comment_status":"open","ping_status":"closed","template":"","meta":[],"product_brand":[],"product_cat":[15],"product_tag":[],"class_list":{"0":"post-29","1":"product","2":"type-product","3":"status-publish","4":"has-post-thumbnail","6":"product_cat-genel","7":"product_shipping_class-standart","9":"first","10":"instock","11":"sale","12":"taxable","13":"shipping-taxable","14":"purchasable","15":"product-type-simple"},"_links":{"self":[{"href":"https:\/\/bidunyahediye.shop\/index.php?rest_route=\/wp\/v2\/product\/29","targetHints":{"allow":["GET"]}}],"collection":[{"href":"https:\/\/bidunyahediye.shop\/index.php?rest_route=\/wp\/v2\/product"}],"about":[{"href":"https:\/\/bidunyahediye.shop\/index.php?rest_route=\/wp\/v2\/types\/product"}],"replies":[{"embeddable":true,"href":"https:\/\/bidunyahediye.shop\/index.php?rest_route=%2Fwp%2Fv2%2Fcomments&post=29"}],"wp:featuredmedia":[{"embeddable":true,"href":"https:\/\/bidunyahediye.shop\/index.php?rest_route=\/wp\/v2\/media\/30"}],"wp:attachment":[{"href":"https:\/\/bidunyahediye.shop\/index.php?rest_route=%2Fwp%2Fv2%2Fmedia&parent=29"}],"wp:term":[{"taxonomy":"product_brand","embeddable":true,"href":"https:\/\/bidunyahediye.shop\/index.php?rest_route=%2Fwp%2Fv2%2Fproduct_brand&post=29"},{"taxonomy":"product_cat","embeddable":true,"href":"https:\/\/bidunyahediye.shop\/index.php?rest_route=%2Fwp%2Fv2%2Fproduct_cat&post=29"},{"taxonomy":"product_tag","embeddable":true,"href":"https:\/\/bidunyahediye.shop\/index.php?rest_route=%2Fwp%2Fv2%2Fproduct_tag&post=29"}],"curies":[{"name":"wp","href":"https:\/\/api.w.org\/{rel}","templated":true}]}}